{"id":704,"date":"2022-12-20T02:55:07","date_gmt":"2022-12-20T02:55:07","guid":{"rendered":"https:\/\/baliutamamedicaltherapy.com\/?page_id=704"},"modified":"2023-06-28T02:00:23","modified_gmt":"2023-06-28T02:00:23","slug":"health-gate-utama-book-therapy-session","status":"publish","type":"page","link":"https:\/\/www.healthgateutamamedicaltherapy.com\/fr\/health-gate-utama-livre-session-de-therapie\/","title":{"rendered":"Health Gate Utama Book Therapy Session"},"content":{"rendered":"<div data-elementor-type=\"wp-page\" data-elementor-id=\"704\" class=\"elementor elementor-704\" data-elementor-post-type=\"page\">\n\t\t\t\t\t\t<section class=\"elementor-section elementor-top-section elementor-element elementor-element-9bf9403 elementor-section-boxed elementor-section-height-default elementor-section-height-default\" data-id=\"9bf9403\" data-element_type=\"section\" data-e-type=\"section\" data-settings=\"{&quot;background_background&quot;:&quot;classic&quot;}\">\n\t\t\t\t\t\t<div class=\"elementor-container elementor-column-gap-default\">\n\t\t\t\t\t<div class=\"elementor-column elementor-col-100 elementor-top-column elementor-element elementor-element-1642d24\" data-id=\"1642d24\" data-element_type=\"column\" data-e-type=\"column\">\n\t\t\t<div class=\"elementor-widget-wrap elementor-element-populated\">\n\t\t\t\t\t\t<div class=\"elementor-element elementor-element-3b63634 elementor-icon-list--layout-inline elementor-tablet-align-center elementor-list-item-link-full_width elementor-widget elementor-widget-icon-list\" data-id=\"3b63634\" data-element_type=\"widget\" data-e-type=\"widget\" data-widget_type=\"icon-list.default\">\n\t\t\t\t<div class=\"elementor-widget-container\">\n\t\t\t\t\t\t\t<ul class=\"elementor-icon-list-items elementor-inline-items\">\n\t\t\t\t\t\t\t<li class=\"elementor-icon-list-item elementor-inline-item\">\n\t\t\t\t\t\t\t\t\t\t\t<a href=\"https:\/\/www.healthgateutamamedicaltherapy.com\/fr\/\">\n\n\t\t\t\t\t\t\t\t\t\t\t<span class=\"elementor-icon-list-text\"><span class=\"home\">Accueil<\/span><\/span>\n\t\t\t\t\t\t\t\t\t\t\t<\/a>\n\t\t\t\t\t\t\t\t\t<\/li>\n\t\t\t\t\t\t\t\t<li class=\"elementor-icon-list-item elementor-inline-item\">\n\t\t\t\t\t\t\t\t\t\t\t<span class=\"elementor-icon-list-icon\">\n\t\t\t\t\t\t\t<i aria-hidden=\"true\" class=\"fas fa-chevron-right\"><\/i>\t\t\t\t\t\t<\/span>\n\t\t\t\t\t\t\t\t\t\t<span class=\"elementor-icon-list-text\"><span style=\"color:#FF8800\">Health Gate Utama Book Therapy Session&lt;\/span<\/span>\n\t\t\t\t\t\t\t\t\t<\/li>\n\t\t\t\t\t\t<\/ul>\n\t\t\t\t\t\t<\/div>\n\t\t\t\t<\/div>\n\t\t\t\t\t<\/div>\n\t\t<\/div>\n\t\t\t\t\t<\/div>\n\t\t<\/section>\n\t\t\t\t<section class=\"elementor-section elementor-top-section elementor-element elementor-element-4242984 elementor-section-boxed elementor-section-height-default elementor-section-height-default\" data-id=\"4242984\" data-element_type=\"section\" data-e-type=\"section\">\n\t\t\t\t\t\t<div class=\"elementor-container elementor-column-gap-default\">\n\t\t\t\t\t<div class=\"elementor-column elementor-col-100 elementor-top-column elementor-element elementor-element-6ef4f15\" data-id=\"6ef4f15\" data-element_type=\"column\" data-e-type=\"column\">\n\t\t\t<div class=\"elementor-widget-wrap elementor-element-populated\">\n\t\t\t\t\t\t<div class=\"elementor-element elementor-element-be1c068 elementor-widget elementor-widget-heading\" data-id=\"be1c068\" data-element_type=\"widget\" data-e-type=\"widget\" data-widget_type=\"heading.default\">\n\t\t\t\t<div class=\"elementor-widget-container\">\n\t\t\t\t\t<h2 class=\"elementor-heading-title elementor-size-default\">R\u00e9servez une s\u00e9ance de th\u00e9rapie maintenant<\/h2>\t\t\t\t<\/div>\n\t\t\t\t<\/div>\n\t\t\t\t<div class=\"elementor-element elementor-element-4e43aa9 elementor-widget elementor-widget-text-editor\" data-id=\"4e43aa9\" data-element_type=\"widget\" data-e-type=\"widget\" data-widget_type=\"text-editor.default\">\n\t\t\t\t<div class=\"elementor-widget-container\">\n\t\t\t\t\t\t\t\t\t<p>Il est facile de r\u00e9server une s\u00e9ance de th\u00e9rapie avec nous. S\u00e9lectionnez la date disponible dans le calendrier ci-dessous, puis s\u00e9lectionnez l'heure de la th\u00e9rapie. Ensuite, remplissez les donn\u00e9es de formulaire disponibles, puis enregistrez. Veuillez venir \u00e0 l'heure que vous avez indiqu\u00e9e.<\/p><p><em><span style=\"color: #ff0000;\">Remarques : 1 s\u00e9ance de th\u00e9rapie peut prendre 1 \u00e0 2 heures.<\/span><\/em><\/p>\t\t\t\t\t\t\t\t<\/div>\n\t\t\t\t<\/div>\n\t\t\t\t\t<\/div>\n\t\t<\/div>\n\t\t\t\t\t<\/div>\n\t\t<\/section>\n\t\t\t\t<section class=\"elementor-section elementor-top-section elementor-element elementor-element-a98de38 elementor-section-boxed elementor-section-height-default elementor-section-height-default\" data-id=\"a98de38\" data-element_type=\"section\" data-e-type=\"section\">\n\t\t\t\t\t\t<div class=\"elementor-container elementor-column-gap-default\">\n\t\t\t\t\t<div class=\"elementor-column elementor-col-100 elementor-top-column elementor-element elementor-element-4247aee\" data-id=\"4247aee\" data-element_type=\"column\" data-e-type=\"column\">\n\t\t\t<div class=\"elementor-widget-wrap elementor-element-populated\">\n\t\t\t\t\t\t<div class=\"elementor-element elementor-element-e0656a0 elementor-widget elementor-widget-html\" data-id=\"e0656a0\" data-element_type=\"widget\" data-e-type=\"widget\" data-widget_type=\"html.default\">\n\t\t\t\t<div class=\"elementor-widget-container\">\n\t\t\t\t\t<iframe src=\"https:\/\/www.healthgateutamamedicaltherapy.com\/fr\/wp-json\/ssa\/v1\/embed-inner?integration&type=therapy&label&types=2&edit&view&payment_provider&ssa_locale=fr_FR&ssa_is_rtl&sid=efe40a3739d881f749a05efe909d448cedc83947&availability_start_date&availability_end_date&suggest_first_available&suggest_first_available_within_minutes&flow&fallback_flow&time_view&date_view&appointment_types_view&version&accent_color&background&padding&font&booking_url=https%3A%2F%2Fwww.healthgateutamamedicaltherapy.com%2Ffr%2Fhealth-gate-utama-livre-session-de-therapie%2F&booking_post_id=704&booking_title=Health+Gate+Utama+Book+Therapy+Session&_wpnonce=42493794dc&redirect_post_id&mepr_membership_id#\/\" height=\"400px\" width=\"100%\" name=\"ssa_booking\" loading=\"eager\" frameborder=\"0\" data-skip-lazy=\"1\" class=\"ssa_booking_iframe skip-lazy\" title=\"R\u00e9servez une heure\"><\/iframe>\t\t\t\t<\/div>\n\t\t\t\t<\/div>\n\t\t\t\t\t<\/div>\n\t\t<\/div>\n\t\t\t\t\t<\/div>\n\t\t<\/section>\n\t\t\t\t<\/div>","protected":false},"excerpt":{"rendered":"<p>Home Health Gate Utama Book Therapy Session Book A Therapy Session Now It&#8217;s easy to book a therapy session with us. Select the available date in the calendar below, then select the hour for therapy. Next, fill in the available form data, then save. Please come at the time you have specified. Notes: 1 therapy [&hellip;]<\/p>\n","protected":false},"author":1,"featured_media":440,"parent":0,"menu_order":0,"comment_status":"closed","ping_status":"closed","template":"","meta":{"site-sidebar-layout":"no-sidebar","site-content-layout":"page-builder","ast-site-content-layout":"","site-content-style":"default","site-sidebar-style":"default","ast-global-header-display":"","ast-banner-title-visibility":"","ast-main-header-display":"","ast-hfb-above-header-display":"","ast-hfb-below-header-display":"","ast-hfb-mobile-header-display":"","site-post-title":"disabled","ast-breadcrumbs-content":"","ast-featured-img":"disabled","footer-sml-layout":"","theme-transparent-header-meta":"","adv-header-id-meta":"","stick-header-meta":"","header-above-stick-meta":"","header-main-stick-meta":"","header-below-stick-meta":"","astra-migrate-meta-layouts":"default","ast-page-background-enabled":"default","ast-page-background-meta":{"desktop":{"background-color":"var(--ast-global-color-4)","background-image":"","background-repeat":"repeat","background-position":"center center","background-size":"auto","background-attachment":"scroll","background-type":"","background-media":"","overlay-type":"","overlay-color":"","overlay-opacity":"","overlay-gradient":""},"tablet":{"background-color":"","background-image":"","background-repeat":"repeat","background-position":"center center","background-size":"auto","background-attachment":"scroll","background-type":"","background-media":"","overlay-type":"","overlay-color":"","overlay-opacity":"","overlay-gradient":""},"mobile":{"background-color":"","background-image":"","background-repeat":"repeat","background-position":"center center","background-size":"auto","background-attachment":"scroll","background-type":"","background-media":"","overlay-type":"","overlay-color":"","overlay-opacity":"","overlay-gradient":""}},"ast-content-background-meta":{"desktop":{"background-color":"var(--ast-global-color-5)","background-image":"","background-repeat":"repeat","background-position":"center center","background-size":"auto","background-attachment":"scroll","background-type":"","background-media":"","overlay-type":"","overlay-color":"","overlay-opacity":"","overlay-gradient":""},"tablet":{"background-color":"var(--ast-global-color-5)","background-image":"","background-repeat":"repeat","background-position":"center center","background-size":"auto","background-attachment":"scroll","background-type":"","background-media":"","overlay-type":"","overlay-color":"","overlay-opacity":"","overlay-gradient":""},"mobile":{"background-color":"var(--ast-global-color-5)","background-image":"","background-repeat":"repeat","background-position":"center center","background-size":"auto","background-attachment":"scroll","background-type":"","background-media":"","overlay-type":"","overlay-color":"","overlay-opacity":"","overlay-gradient":""}},"_joinchat":[],"footnotes":""},"class_list":["post-704","page","type-page","status-publish","has-post-thumbnail","hentry"],"yoast_head":"<!-- This site is optimized with the Yoast SEO plugin v27.0 - https:\/\/yoast.com\/product\/yoast-seo-wordpress\/ -->\n<title>Health Gate Utama Book Therapy Session - Health Gate Utama<\/title>\n<meta name=\"description\" content=\"Find and book available schedules for therapy sessions in Health Gate Utama Holistic Therapy. Best therapy services in Denpasar, Bali.\" \/>\n<meta name=\"robots\" content=\"index, follow, max-snippet:-1, max-image-preview:large, max-video-preview:-1\" \/>\n<link rel=\"canonical\" href=\"https:\/\/www.healthgateutamamedicaltherapy.com\/fr\/health-gate-utama-book-therapy-session\/\" \/>\n<meta property=\"og:locale\" content=\"fr_FR\" \/>\n<meta property=\"og:type\" content=\"article\" \/>\n<meta property=\"og:title\" content=\"Health Gate Utama Book Therapy Session - Health Gate Utama\" \/>\n<meta property=\"og:description\" content=\"Find and book available schedules for therapy sessions in Health Gate Utama Holistic Therapy. Best therapy services in Denpasar, Bali.\" \/>\n<meta property=\"og:url\" content=\"https:\/\/www.healthgateutamamedicaltherapy.com\/fr\/health-gate-utama-book-therapy-session\/\" \/>\n<meta property=\"og:site_name\" content=\"Health Gate Utama\" \/>\n<meta property=\"article:modified_time\" content=\"2023-06-28T02:00:23+00:00\" \/>\n<meta property=\"og:image\" content=\"https:\/\/www.healthgateutamamedicaltherapy.com\/wp-content\/uploads\/2022\/12\/gita.jpg\" \/>\n\t<meta property=\"og:image:width\" content=\"600\" \/>\n\t<meta property=\"og:image:height\" content=\"450\" \/>\n\t<meta property=\"og:image:type\" content=\"image\/jpeg\" \/>\n<meta name=\"twitter:card\" content=\"summary_large_image\" \/>\n<meta name=\"twitter:title\" content=\"Health Gate Utama Book Therapy Session - Health Gate Utama\" \/>\n<meta name=\"twitter:description\" content=\"Find and book available schedules for therapy sessions in Health Gate Utama Holistic Therapy. Best therapy services in Denpasar, Bali.\" \/>\n<meta name=\"twitter:image\" content=\"https:\/\/www.healthgateutamamedicaltherapy.com\/wp-content\/uploads\/2022\/12\/gita.jpg\" \/>\n<meta name=\"twitter:label1\" content=\"Dur\u00e9e de lecture estim\u00e9e\" \/>\n\t<meta name=\"twitter:data1\" content=\"1 minute\" \/>\n<script type=\"application\/ld+json\" class=\"yoast-schema-graph\">{\"@context\":\"https:\/\/schema.org\",\"@graph\":[{\"@type\":\"WebPage\",\"@id\":\"https:\/\/www.healthgateutamamedicaltherapy.com\/health-gate-utama-book-therapy-session\/\",\"url\":\"https:\/\/www.healthgateutamamedicaltherapy.com\/health-gate-utama-book-therapy-session\/\",\"name\":\"Health Gate Utama Book Therapy Session - Health Gate Utama\",\"isPartOf\":{\"@id\":\"https:\/\/www.healthgateutamamedicaltherapy.com\/#website\"},\"primaryImageOfPage\":{\"@id\":\"https:\/\/www.healthgateutamamedicaltherapy.com\/health-gate-utama-book-therapy-session\/#primaryimage\"},\"image\":{\"@id\":\"https:\/\/www.healthgateutamamedicaltherapy.com\/health-gate-utama-book-therapy-session\/#primaryimage\"},\"thumbnailUrl\":\"https:\/\/www.healthgateutamamedicaltherapy.com\/wp-content\/uploads\/2022\/12\/gita.jpg\",\"datePublished\":\"2022-12-20T02:55:07+00:00\",\"dateModified\":\"2023-06-28T02:00:23+00:00\",\"description\":\"Find and book available schedules for therapy sessions in Health Gate Utama Holistic Therapy. Best therapy services in Denpasar, Bali.\",\"breadcrumb\":{\"@id\":\"https:\/\/www.healthgateutamamedicaltherapy.com\/health-gate-utama-book-therapy-session\/#breadcrumb\"},\"inLanguage\":\"fr-FR\",\"potentialAction\":[{\"@type\":\"ReadAction\",\"target\":[\"https:\/\/www.healthgateutamamedicaltherapy.com\/health-gate-utama-book-therapy-session\/\"]}]},{\"@type\":\"ImageObject\",\"inLanguage\":\"fr-FR\",\"@id\":\"https:\/\/www.healthgateutamamedicaltherapy.com\/health-gate-utama-book-therapy-session\/#primaryimage\",\"url\":\"https:\/\/www.healthgateutamamedicaltherapy.com\/wp-content\/uploads\/2022\/12\/gita.jpg\",\"contentUrl\":\"https:\/\/www.healthgateutamamedicaltherapy.com\/wp-content\/uploads\/2022\/12\/gita.jpg\",\"width\":600,\"height\":450,\"caption\":\"gita kartika - Bali Utama Medical Deep Tissue Healing Therapy\"},{\"@type\":\"BreadcrumbList\",\"@id\":\"https:\/\/www.healthgateutamamedicaltherapy.com\/health-gate-utama-book-therapy-session\/#breadcrumb\",\"itemListElement\":[{\"@type\":\"ListItem\",\"position\":1,\"name\":\"Home\",\"item\":\"https:\/\/www.healthgateutamamedicaltherapy.com\/\"},{\"@type\":\"ListItem\",\"position\":2,\"name\":\"Health Gate Utama Book Therapy Session\"}]},{\"@type\":\"WebSite\",\"@id\":\"https:\/\/www.healthgateutamamedicaltherapy.com\/#website\",\"url\":\"https:\/\/www.healthgateutamamedicaltherapy.com\/\",\"name\":\"Health Gate Utama\",\"description\":\"Medical Holistic Deep Tissue Body Therapeutic\u00a0Healing\u00a0Therapy\",\"publisher\":{\"@id\":\"https:\/\/www.healthgateutamamedicaltherapy.com\/#\/schema\/person\/4a30c01c4ee28cef6c13af0ff0e4d531\"},\"potentialAction\":[{\"@type\":\"SearchAction\",\"target\":{\"@type\":\"EntryPoint\",\"urlTemplate\":\"https:\/\/www.healthgateutamamedicaltherapy.com\/?s={search_term_string}\"},\"query-input\":{\"@type\":\"PropertyValueSpecification\",\"valueRequired\":true,\"valueName\":\"search_term_string\"}}],\"inLanguage\":\"fr-FR\"},{\"@type\":[\"Person\",\"Organization\"],\"@id\":\"https:\/\/www.healthgateutamamedicaltherapy.com\/#\/schema\/person\/4a30c01c4ee28cef6c13af0ff0e4d531\",\"name\":\"Health Gate Utama\",\"image\":{\"@type\":\"ImageObject\",\"inLanguage\":\"fr-FR\",\"@id\":\"https:\/\/www.healthgateutamamedicaltherapy.com\/#\/schema\/person\/image\/\",\"url\":\"https:\/\/www.healthgateutamamedicaltherapy.com\/wp-content\/uploads\/2023\/04\/cropped-health-gate-utama-medical-therapy-new-logo-april.png\",\"contentUrl\":\"https:\/\/www.healthgateutamamedicaltherapy.com\/wp-content\/uploads\/2023\/04\/cropped-health-gate-utama-medical-therapy-new-logo-april.png\",\"width\":1471,\"height\":360,\"caption\":\"Health Gate Utama\"},\"logo\":{\"@id\":\"https:\/\/www.healthgateutamamedicaltherapy.com\/#\/schema\/person\/image\/\"}}]}<\/script>\n<!-- \/ Yoast SEO plugin. -->","yoast_head_json":{"title":"S\u00e9ance de th\u00e9rapie par livre Health Gate Utama - Health Gate Utama","description":"Trouvez et r\u00e9servez les horaires disponibles pour les s\u00e9ances de th\u00e9rapie dans Health Gate Utama Holistic Therapy. Meilleurs services de th\u00e9rapie \u00e0 Denpasar, Bali.","robots":{"index":"index","follow":"follow","max-snippet":"max-snippet:-1","max-image-preview":"max-image-preview:large","max-video-preview":"max-video-preview:-1"},"canonical":"https:\/\/www.healthgateutamamedicaltherapy.com\/fr\/health-gate-utama-book-therapy-session\/","og_locale":"fr_FR","og_type":"article","og_title":"Health Gate Utama Book Therapy Session - Health Gate Utama","og_description":"Find and book available schedules for therapy sessions in Health Gate Utama Holistic Therapy. Best therapy services in Denpasar, Bali.","og_url":"https:\/\/www.healthgateutamamedicaltherapy.com\/fr\/health-gate-utama-book-therapy-session\/","og_site_name":"Health Gate Utama","article_modified_time":"2023-06-28T02:00:23+00:00","og_image":[{"width":600,"height":450,"url":"https:\/\/www.healthgateutamamedicaltherapy.com\/wp-content\/uploads\/2022\/12\/gita.jpg","type":"image\/jpeg"}],"twitter_card":"summary_large_image","twitter_title":"Health Gate Utama Book Therapy Session - Health Gate Utama","twitter_description":"Find and book available schedules for therapy sessions in Health Gate Utama Holistic Therapy. Best therapy services in Denpasar, Bali.","twitter_image":"https:\/\/www.healthgateutamamedicaltherapy.com\/wp-content\/uploads\/2022\/12\/gita.jpg","twitter_misc":{"Dur\u00e9e de lecture estim\u00e9e":"1 minute"},"schema":{"@context":"https:\/\/schema.org","@graph":[{"@type":"WebPage","@id":"https:\/\/www.healthgateutamamedicaltherapy.com\/health-gate-utama-book-therapy-session\/","url":"https:\/\/www.healthgateutamamedicaltherapy.com\/health-gate-utama-book-therapy-session\/","name":"S\u00e9ance de th\u00e9rapie par livre Health Gate Utama - Health Gate Utama","isPartOf":{"@id":"https:\/\/www.healthgateutamamedicaltherapy.com\/#website"},"primaryImageOfPage":{"@id":"https:\/\/www.healthgateutamamedicaltherapy.com\/health-gate-utama-book-therapy-session\/#primaryimage"},"image":{"@id":"https:\/\/www.healthgateutamamedicaltherapy.com\/health-gate-utama-book-therapy-session\/#primaryimage"},"thumbnailUrl":"https:\/\/www.healthgateutamamedicaltherapy.com\/wp-content\/uploads\/2022\/12\/gita.jpg","datePublished":"2022-12-20T02:55:07+00:00","dateModified":"2023-06-28T02:00:23+00:00","description":"Trouvez et r\u00e9servez les horaires disponibles pour les s\u00e9ances de th\u00e9rapie dans Health Gate Utama Holistic Therapy. Meilleurs services de th\u00e9rapie \u00e0 Denpasar, Bali.","breadcrumb":{"@id":"https:\/\/www.healthgateutamamedicaltherapy.com\/health-gate-utama-book-therapy-session\/#breadcrumb"},"inLanguage":"fr-FR","potentialAction":[{"@type":"ReadAction","target":["https:\/\/www.healthgateutamamedicaltherapy.com\/health-gate-utama-book-therapy-session\/"]}]},{"@type":"ImageObject","inLanguage":"fr-FR","@id":"https:\/\/www.healthgateutamamedicaltherapy.com\/health-gate-utama-book-therapy-session\/#primaryimage","url":"https:\/\/www.healthgateutamamedicaltherapy.com\/wp-content\/uploads\/2022\/12\/gita.jpg","contentUrl":"https:\/\/www.healthgateutamamedicaltherapy.com\/wp-content\/uploads\/2022\/12\/gita.jpg","width":600,"height":450,"caption":"gita kartika - Bali Utama Medical Deep Tissue Healing Therapy"},{"@type":"BreadcrumbList","@id":"https:\/\/www.healthgateutamamedicaltherapy.com\/health-gate-utama-book-therapy-session\/#breadcrumb","itemListElement":[{"@type":"ListItem","position":1,"name":"Home","item":"https:\/\/www.healthgateutamamedicaltherapy.com\/"},{"@type":"ListItem","position":2,"name":"Health Gate Utama Book Therapy Session"}]},{"@type":"WebSite","@id":"https:\/\/www.healthgateutamamedicaltherapy.com\/#website","url":"https:\/\/www.healthgateutamamedicaltherapy.com\/","name":"Health Gate Utama","description":"Medical Holistic Deep Tissue Body Therapeutic\u00a0Healing\u00a0Therapy","publisher":{"@id":"https:\/\/www.healthgateutamamedicaltherapy.com\/#\/schema\/person\/4a30c01c4ee28cef6c13af0ff0e4d531"},"potentialAction":[{"@type":"SearchAction","target":{"@type":"EntryPoint","urlTemplate":"https:\/\/www.healthgateutamamedicaltherapy.com\/?s={search_term_string}"},"query-input":{"@type":"PropertyValueSpecification","valueRequired":true,"valueName":"search_term_string"}}],"inLanguage":"fr-FR"},{"@type":["Person","Organization"],"@id":"https:\/\/www.healthgateutamamedicaltherapy.com\/#\/schema\/person\/4a30c01c4ee28cef6c13af0ff0e4d531","name":"Health Gate Utama","image":{"@type":"ImageObject","inLanguage":"fr-FR","@id":"https:\/\/www.healthgateutamamedicaltherapy.com\/#\/schema\/person\/image\/","url":"https:\/\/www.healthgateutamamedicaltherapy.com\/wp-content\/uploads\/2023\/04\/cropped-health-gate-utama-medical-therapy-new-logo-april.png","contentUrl":"https:\/\/www.healthgateutamamedicaltherapy.com\/wp-content\/uploads\/2023\/04\/cropped-health-gate-utama-medical-therapy-new-logo-april.png","width":1471,"height":360,"caption":"Health Gate Utama"},"logo":{"@id":"https:\/\/www.healthgateutamamedicaltherapy.com\/#\/schema\/person\/image\/"}}]}},"_links":{"self":[{"href":"https:\/\/www.healthgateutamamedicaltherapy.com\/fr\/wp-json\/wp\/v2\/pages\/704","targetHints":{"allow":["GET"]}}],"collection":[{"href":"https:\/\/www.healthgateutamamedicaltherapy.com\/fr\/wp-json\/wp\/v2\/pages"}],"about":[{"href":"https:\/\/www.healthgateutamamedicaltherapy.com\/fr\/wp-json\/wp\/v2\/types\/page"}],"author":[{"embeddable":true,"href":"https:\/\/www.healthgateutamamedicaltherapy.com\/fr\/wp-json\/wp\/v2\/users\/1"}],"replies":[{"embeddable":true,"href":"https:\/\/www.healthgateutamamedicaltherapy.com\/fr\/wp-json\/wp\/v2\/comments?post=704"}],"version-history":[{"count":53,"href":"https:\/\/www.healthgateutamamedicaltherapy.com\/fr\/wp-json\/wp\/v2\/pages\/704\/revisions"}],"predecessor-version":[{"id":1277,"href":"https:\/\/www.healthgateutamamedicaltherapy.com\/fr\/wp-json\/wp\/v2\/pages\/704\/revisions\/1277"}],"wp:featuredmedia":[{"embeddable":true,"href":"https:\/\/www.healthgateutamamedicaltherapy.com\/fr\/wp-json\/wp\/v2\/media\/440"}],"wp:attachment":[{"href":"https:\/\/www.healthgateutamamedicaltherapy.com\/fr\/wp-json\/wp\/v2\/media?parent=704"}],"curies":[{"name":"wp","href":"https:\/\/api.w.org\/{rel}","templated":true}]}}