{"id":3,"date":"2022-10-22T04:32:01","date_gmt":"2022-10-22T04:32:01","guid":{"rendered":"http:\/\/localhost\/kartika\/?page_id=3"},"modified":"2023-01-27T13:24:13","modified_gmt":"2023-01-27T13:24:13","slug":"privacy-policy","status":"publish","type":"page","link":"https:\/\/www.healthgateutamamedicaltherapy.com\/fr\/politique-de-confidentialite\/","title":{"rendered":"Politique de confidentialit\u00e9"},"content":{"rendered":"<div data-elementor-type=\"wp-page\" data-elementor-id=\"3\" class=\"elementor elementor-3\" data-elementor-post-type=\"page\">\n\t\t\t\t\t\t<section class=\"elementor-section elementor-top-section elementor-element elementor-element-193400a elementor-section-boxed elementor-section-height-default elementor-section-height-default\" data-id=\"193400a\" data-element_type=\"section\" data-e-type=\"section\" data-settings=\"{&quot;background_background&quot;:&quot;classic&quot;}\">\n\t\t\t\t\t\t<div class=\"elementor-container elementor-column-gap-default\">\n\t\t\t\t\t<div class=\"elementor-column elementor-col-100 elementor-top-column elementor-element elementor-element-e756b4d\" data-id=\"e756b4d\" data-element_type=\"column\" data-e-type=\"column\">\n\t\t\t<div class=\"elementor-widget-wrap elementor-element-populated\">\n\t\t\t\t\t\t<div class=\"elementor-element elementor-element-3fd8979 elementor-icon-list--layout-inline elementor-tablet-align-center elementor-list-item-link-full_width elementor-widget elementor-widget-icon-list\" data-id=\"3fd8979\" data-element_type=\"widget\" data-e-type=\"widget\" data-widget_type=\"icon-list.default\">\n\t\t\t\t<div class=\"elementor-widget-container\">\n\t\t\t\t\t\t\t<ul class=\"elementor-icon-list-items elementor-inline-items\">\n\t\t\t\t\t\t\t<li class=\"elementor-icon-list-item elementor-inline-item\">\n\t\t\t\t\t\t\t\t\t\t\t<a href=\"https:\/\/www.healthgateutamamedicaltherapy.com\/fr\/\">\n\n\t\t\t\t\t\t\t\t\t\t\t<span class=\"elementor-icon-list-text\"><span class=\"home\">Accueil<\/span><\/span>\n\t\t\t\t\t\t\t\t\t\t\t<\/a>\n\t\t\t\t\t\t\t\t\t<\/li>\n\t\t\t\t\t\t\t\t<li class=\"elementor-icon-list-item elementor-inline-item\">\n\t\t\t\t\t\t\t\t\t\t\t<span class=\"elementor-icon-list-icon\">\n\t\t\t\t\t\t\t<i aria-hidden=\"true\" class=\"fas fa-chevron-right\"><\/i>\t\t\t\t\t\t<\/span>\n\t\t\t\t\t\t\t\t\t\t<span class=\"elementor-icon-list-text\"><span style=\"color:#FF8800\">Privacy Policy&lt;\/span<\/span>\n\t\t\t\t\t\t\t\t\t<\/li>\n\t\t\t\t\t\t<\/ul>\n\t\t\t\t\t\t<\/div>\n\t\t\t\t<\/div>\n\t\t\t\t\t<\/div>\n\t\t<\/div>\n\t\t\t\t\t<\/div>\n\t\t<\/section>\n\t\t\t\t<section class=\"elementor-section elementor-top-section elementor-element elementor-element-161e511 elementor-section-boxed elementor-section-height-default elementor-section-height-default\" data-id=\"161e511\" data-element_type=\"section\" data-e-type=\"section\">\n\t\t\t\t\t\t<div class=\"elementor-container elementor-column-gap-default\">\n\t\t\t\t\t<div class=\"elementor-column elementor-col-100 elementor-top-column elementor-element elementor-element-083b763\" data-id=\"083b763\" data-element_type=\"column\" data-e-type=\"column\">\n\t\t\t<div class=\"elementor-widget-wrap elementor-element-populated\">\n\t\t\t\t\t\t<div class=\"elementor-element elementor-element-c93b116 elementor-widget elementor-widget-text-editor\" data-id=\"c93b116\" data-element_type=\"widget\" data-e-type=\"widget\" data-widget_type=\"text-editor.default\">\n\t\t\t\t<div class=\"elementor-widget-container\">\n\t\t\t\t\t\t\t\t\t<h1>Politique de confidentialit\u00e9 pour Health Gate Utama Medical Therapy<\/h1>\n\n<p>Chez Health Gate Utama Medical Therapy, accessible depuis https:\/\/www.healthgateutamamedicaltherapy.com\/, l'une de nos principales priorit\u00e9s est la confidentialit\u00e9 de nos visiteurs. Ce document de politique de confidentialit\u00e9 contient des types d'informations qui sont collect\u00e9es et enregistr\u00e9es par Health Gate Utama Medical Therapy et comment nous les utilisons.<\/p>\n\n<p>Si vous avez des questions suppl\u00e9mentaires ou souhaitez plus d'informations sur notre politique de confidentialit\u00e9, n'h\u00e9sitez pas \u00e0 nous contacter.<\/p>\n\n<h2>Fichiers journaux<\/h2>\n\n<p>Health Gate Utama Medical Therapy suit une proc\u00e9dure standard d'utilisation des fichiers journaux. Ces fichiers enregistrent les visiteurs lorsqu'ils visitent des sites Web. Toutes les soci\u00e9t\u00e9s d'h\u00e9bergement le font et une partie de l'analyse des services d'h\u00e9bergement. Les informations collect\u00e9es par les fichiers journaux incluent les adresses IP (protocole Internet), le type de navigateur, le fournisseur d'acc\u00e8s Internet (FAI), l'horodatage, les pages de renvoi\/sortie et \u00e9ventuellement le nombre de clics. Ceux-ci ne sont li\u00e9s \u00e0 aucune information personnellement identifiable. Le but de l'information est d'analyser les tendances, d'administrer le site, de suivre les mouvements des utilisateurs sur le site Web et de recueillir des informations d\u00e9mographiques.\n\n<h2>Cookies et balises Web<\/h2>\n\n<p>Comme tout autre site Web, Health Gate Utama Medical Therapy utilise des \u00ab cookies \u00bb. Ces cookies sont utilis\u00e9s pour stocker des informations, y compris les pr\u00e9f\u00e9rences des visiteurs et les pages du site Web auxquelles le visiteur a acc\u00e9d\u00e9 ou visit\u00e9. Les informations sont utilis\u00e9es pour optimiser l'exp\u00e9rience des utilisateurs en personnalisant le contenu de notre page Web en fonction du type de navigateur des visiteurs et\/ou d'autres informations.<\/p>\n\n\n\n\n<h2>Les politiques de confidentialit\u00e9<\/h2>\n\n<p>Vous pouvez consulter cette liste pour trouver la politique de confidentialit\u00e9 de chacun des partenaires publicitaires de Health Gate Utama Medical Therapy.<\/p>\n\n<p>Les serveurs publicitaires ou r\u00e9seaux publicitaires tiers utilisent des technologies telles que les cookies, JavaScript ou les balises Web qui sont utilis\u00e9es dans leurs publicit\u00e9s et liens respectifs qui apparaissent sur Health Gate Utama Medical Therapy, qui sont envoy\u00e9s directement au navigateur des utilisateurs. Ils re\u00e7oivent automatiquement votre adresse IP lorsque cela se produit. Ces technologies sont utilis\u00e9es pour mesurer l'efficacit\u00e9 de leurs campagnes publicitaires et\/ou pour personnaliser le contenu publicitaire que vous voyez sur les sites Web que vous visitez.<\/p>\n\n<p>Notez que Health Gate Utama Medical Therapy n'a aucun acc\u00e8s ni aucun contr\u00f4le sur ces cookies qui sont utilis\u00e9s par des annonceurs tiers.<\/p>\n\n<h2>Les politiques de confidentialit\u00e9<\/h2>\n\n<p>La politique de confidentialit\u00e9 de Health Gate Utama Medical Therapy ne s'applique pas aux autres annonceurs ou sites Web. Ainsi, nous vous conseillons de consulter les politiques de confidentialit\u00e9 respectives de ces serveurs publicitaires tiers pour des informations plus d\u00e9taill\u00e9es. Il peut inclure leurs pratiques et instructions sur la fa\u00e7on de se retirer de certaines options. <\/p>\n\n<p>Vous pouvez choisir de d\u00e9sactiver les cookies via les options de votre navigateur. Pour conna\u00eetre des informations plus d\u00e9taill\u00e9es sur la gestion des cookies avec des navigateurs Web sp\u00e9cifiques, vous pouvez les trouver sur les sites Web respectifs des navigateurs. Que sont les cookies ?<\/p>\n\n<h2>Informations sur les enfants<\/h2>\n\n<p>Une autre partie de notre priorit\u00e9 est d'ajouter une protection pour les enfants lors de l'utilisation d'Internet. Nous encourageons les parents et les tuteurs \u00e0 observer, participer et\/ou surveiller et guider leur activit\u00e9 en ligne.<\/p>\n\n<p>Health Gate Utama Medical Therapy ne collecte sciemment aucune information personnelle identifiable d'enfants de moins de 13 ans. Si vous pensez que votre enfant a fourni ce type d'informations sur notre site Web, nous vous encourageons fortement \u00e0 nous contacter imm\u00e9diatement et nous ferons de notre mieux. efforts pour supprimer rapidement ces informations de nos dossiers.<\/p>\n\n<h2>Politique de confidentialit\u00e9 en ligne uniquement<\/h2>\n\n<p>Cette politique de confidentialit\u00e9 s'applique uniquement \u00e0 nos activit\u00e9s en ligne et est valable pour les visiteurs de notre site Web en ce qui concerne les informations qu'ils ont partag\u00e9es et \/ ou collect\u00e9es dans Health Gate Utama Medical Therapy. Cette politique ne s'applique pas aux informations collect\u00e9es hors ligne ou via des canaux autres que ce site Web.<\/p>\n\n<h2>Consentement<\/h2>\n\n<p>En utilisant notre site Web, vous consentez par la pr\u00e9sente \u00e0 notre politique de confidentialit\u00e9 et acceptez ses conditions g\u00e9n\u00e9rales.<\/p>\t\t\t\t\t\t\t\t<\/div>\n\t\t\t\t<\/div>\n\t\t\t\t\t<\/div>\n\t\t<\/div>\n\t\t\t\t\t<\/div>\n\t\t<\/section>\n\t\t\t\t<\/div>","protected":false},"excerpt":{"rendered":"<p>Home Privacy Policy Privacy Policy for Health Gate Utama Medical Therapy At Health Gate Utama Medical Therapy, accessible from https:\/\/www.healthgateutamamedicaltherapy.com\/, one of our main priorities is the privacy of our visitors. This Privacy Policy document contains types of information that is collected and recorded by Health Gate Utama Medical Therapy and how we use it. [&hellip;]<\/p>\n","protected":false},"author":1,"featured_media":538,"parent":0,"menu_order":0,"comment_status":"closed","ping_status":"open","template":"","meta":{"site-sidebar-layout":"no-sidebar","site-content-layout":"page-builder","ast-site-content-layout":"","site-content-style":"default","site-sidebar-style":"default","ast-global-header-display":"","ast-banner-title-visibility":"","ast-main-header-display":"","ast-hfb-above-header-display":"","ast-hfb-below-header-display":"","ast-hfb-mobile-header-display":"","site-post-title":"disabled","ast-breadcrumbs-content":"","ast-featured-img":"disabled","footer-sml-layout":"","theme-transparent-header-meta":"","adv-header-id-meta":"","stick-header-meta":"","header-above-stick-meta":"","header-main-stick-meta":"","header-below-stick-meta":"","astra-migrate-meta-layouts":"default","ast-page-background-enabled":"default","ast-page-background-meta":{"desktop":{"background-color":"var(--ast-global-color-4)","background-image":"","background-repeat":"repeat","background-position":"center center","background-size":"auto","background-attachment":"scroll","background-type":"","background-media":"","overlay-type":"","overlay-color":"","overlay-opacity":"","overlay-gradient":""},"tablet":{"background-color":"","background-image":"","background-repeat":"repeat","background-position":"center center","background-size":"auto","background-attachment":"scroll","background-type":"","background-media":"","overlay-type":"","overlay-color":"","overlay-opacity":"","overlay-gradient":""},"mobile":{"background-color":"","background-image":"","background-repeat":"repeat","background-position":"center center","background-size":"auto","background-attachment":"scroll","background-type":"","background-media":"","overlay-type":"","overlay-color":"","overlay-opacity":"","overlay-gradient":""}},"ast-content-background-meta":{"desktop":{"background-color":"var(--ast-global-color-5)","background-image":"","background-repeat":"repeat","background-position":"center center","background-size":"auto","background-attachment":"scroll","background-type":"","background-media":"","overlay-type":"","overlay-color":"","overlay-opacity":"","overlay-gradient":""},"tablet":{"background-color":"var(--ast-global-color-5)","background-image":"","background-repeat":"repeat","background-position":"center center","background-size":"auto","background-attachment":"scroll","background-type":"","background-media":"","overlay-type":"","overlay-color":"","overlay-opacity":"","overlay-gradient":""},"mobile":{"background-color":"var(--ast-global-color-5)","background-image":"","background-repeat":"repeat","background-position":"center center","background-size":"auto","background-attachment":"scroll","background-type":"","background-media":"","overlay-type":"","overlay-color":"","overlay-opacity":"","overlay-gradient":""}},"_joinchat":[],"footnotes":""},"class_list":["post-3","page","type-page","status-publish","has-post-thumbnail","hentry"],"yoast_head":"<!-- This site is optimized with the Yoast SEO plugin v27.0 - https:\/\/yoast.com\/product\/yoast-seo-wordpress\/ -->\n<title>Privacy Policy - Health Gate Utama<\/title>\n<meta name=\"description\" content=\"Privacy and Policy of Health Gate Utama Totok Darah Medical Deep Tissue Healing Therapy &amp; Neurotherapy. Best neurotherapist in Bali.\" \/>\n<meta name=\"robots\" content=\"index, follow, max-snippet:-1, max-image-preview:large, max-video-preview:-1\" \/>\n<link rel=\"canonical\" href=\"https:\/\/www.healthgateutamamedicaltherapy.com\/fr\/privacy-policy\/\" \/>\n<meta property=\"og:locale\" content=\"fr_FR\" \/>\n<meta property=\"og:type\" content=\"article\" \/>\n<meta property=\"og:title\" content=\"Privacy Policy - Health Gate Utama\" \/>\n<meta property=\"og:description\" content=\"Privacy and Policy of Health Gate Utama Totok Darah Medical Deep Tissue Healing Therapy &amp; Neurotherapy. Best neurotherapist in Bali.\" \/>\n<meta property=\"og:url\" content=\"https:\/\/www.healthgateutamamedicaltherapy.com\/fr\/privacy-policy\/\" \/>\n<meta property=\"og:site_name\" content=\"Health Gate Utama\" \/>\n<meta property=\"article:modified_time\" content=\"2023-01-27T13:24:13+00:00\" \/>\n<meta property=\"og:image\" content=\"https:\/\/www.healthgateutamamedicaltherapy.com\/wp-content\/uploads\/2022\/12\/Bali-Utama-Medical-Deep-Tissue-Healing-Therapy-4.jpg\" \/>\n\t<meta property=\"og:image:width\" content=\"960\" \/>\n\t<meta property=\"og:image:height\" content=\"960\" \/>\n\t<meta property=\"og:image:type\" content=\"image\/jpeg\" \/>\n<meta name=\"twitter:card\" content=\"summary_large_image\" \/>\n<meta name=\"twitter:label1\" content=\"Dur\u00e9e de lecture estim\u00e9e\" \/>\n\t<meta name=\"twitter:data1\" content=\"3 minutes\" \/>\n<script type=\"application\/ld+json\" class=\"yoast-schema-graph\">{\"@context\":\"https:\/\/schema.org\",\"@graph\":[{\"@type\":\"WebPage\",\"@id\":\"https:\/\/www.healthgateutamamedicaltherapy.com\/privacy-policy\/\",\"url\":\"https:\/\/www.healthgateutamamedicaltherapy.com\/privacy-policy\/\",\"name\":\"Privacy Policy - Health Gate Utama\",\"isPartOf\":{\"@id\":\"https:\/\/www.healthgateutamamedicaltherapy.com\/#website\"},\"primaryImageOfPage\":{\"@id\":\"https:\/\/www.healthgateutamamedicaltherapy.com\/privacy-policy\/#primaryimage\"},\"image\":{\"@id\":\"https:\/\/www.healthgateutamamedicaltherapy.com\/privacy-policy\/#primaryimage\"},\"thumbnailUrl\":\"https:\/\/www.healthgateutamamedicaltherapy.com\/wp-content\/uploads\/2022\/12\/Bali-Utama-Medical-Deep-Tissue-Healing-Therapy-4.jpg\",\"datePublished\":\"2022-10-22T04:32:01+00:00\",\"dateModified\":\"2023-01-27T13:24:13+00:00\",\"description\":\"Privacy and Policy of Health Gate Utama Totok Darah Medical Deep Tissue Healing Therapy & Neurotherapy. Best neurotherapist in Bali.\",\"breadcrumb\":{\"@id\":\"https:\/\/www.healthgateutamamedicaltherapy.com\/privacy-policy\/#breadcrumb\"},\"inLanguage\":\"fr-FR\",\"potentialAction\":[{\"@type\":\"ReadAction\",\"target\":[\"https:\/\/www.healthgateutamamedicaltherapy.com\/privacy-policy\/\"]}]},{\"@type\":\"ImageObject\",\"inLanguage\":\"fr-FR\",\"@id\":\"https:\/\/www.healthgateutamamedicaltherapy.com\/privacy-policy\/#primaryimage\",\"url\":\"https:\/\/www.healthgateutamamedicaltherapy.com\/wp-content\/uploads\/2022\/12\/Bali-Utama-Medical-Deep-Tissue-Healing-Therapy-4.jpg\",\"contentUrl\":\"https:\/\/www.healthgateutamamedicaltherapy.com\/wp-content\/uploads\/2022\/12\/Bali-Utama-Medical-Deep-Tissue-Healing-Therapy-4.jpg\",\"width\":960,\"height\":960,\"caption\":\"Bali Utama Medical Deep Tissue Healing Therapy 4\"},{\"@type\":\"BreadcrumbList\",\"@id\":\"https:\/\/www.healthgateutamamedicaltherapy.com\/privacy-policy\/#breadcrumb\",\"itemListElement\":[{\"@type\":\"ListItem\",\"position\":1,\"name\":\"Home\",\"item\":\"https:\/\/www.healthgateutamamedicaltherapy.com\/\"},{\"@type\":\"ListItem\",\"position\":2,\"name\":\"Privacy Policy\"}]},{\"@type\":\"WebSite\",\"@id\":\"https:\/\/www.healthgateutamamedicaltherapy.com\/#website\",\"url\":\"https:\/\/www.healthgateutamamedicaltherapy.com\/\",\"name\":\"Health Gate Utama\",\"description\":\"Medical Holistic Deep Tissue Body Therapeutic\u00a0Healing\u00a0Therapy\",\"publisher\":{\"@id\":\"https:\/\/www.healthgateutamamedicaltherapy.com\/#\/schema\/person\/4a30c01c4ee28cef6c13af0ff0e4d531\"},\"potentialAction\":[{\"@type\":\"SearchAction\",\"target\":{\"@type\":\"EntryPoint\",\"urlTemplate\":\"https:\/\/www.healthgateutamamedicaltherapy.com\/?s={search_term_string}\"},\"query-input\":{\"@type\":\"PropertyValueSpecification\",\"valueRequired\":true,\"valueName\":\"search_term_string\"}}],\"inLanguage\":\"fr-FR\"},{\"@type\":[\"Person\",\"Organization\"],\"@id\":\"https:\/\/www.healthgateutamamedicaltherapy.com\/#\/schema\/person\/4a30c01c4ee28cef6c13af0ff0e4d531\",\"name\":\"Health Gate Utama\",\"image\":{\"@type\":\"ImageObject\",\"inLanguage\":\"fr-FR\",\"@id\":\"https:\/\/www.healthgateutamamedicaltherapy.com\/#\/schema\/person\/image\/\",\"url\":\"https:\/\/www.healthgateutamamedicaltherapy.com\/wp-content\/uploads\/2023\/04\/cropped-health-gate-utama-medical-therapy-new-logo-april.png\",\"contentUrl\":\"https:\/\/www.healthgateutamamedicaltherapy.com\/wp-content\/uploads\/2023\/04\/cropped-health-gate-utama-medical-therapy-new-logo-april.png\",\"width\":1471,\"height\":360,\"caption\":\"Health Gate Utama\"},\"logo\":{\"@id\":\"https:\/\/www.healthgateutamamedicaltherapy.com\/#\/schema\/person\/image\/\"}}]}<\/script>\n<!-- \/ Yoast SEO plugin. -->","yoast_head_json":{"title":"Politique de confidentialit\u00e9 - Health Gate Utama","description":"Confidentialit\u00e9 et politique de Health Gate Utama Totok Darah Medical Th\u00e9rapie de gu\u00e9rison des tissus profonds et neuroth\u00e9rapie. Meilleur neuroth\u00e9rapeute \u00e0 Bali.","robots":{"index":"index","follow":"follow","max-snippet":"max-snippet:-1","max-image-preview":"max-image-preview:large","max-video-preview":"max-video-preview:-1"},"canonical":"https:\/\/www.healthgateutamamedicaltherapy.com\/fr\/privacy-policy\/","og_locale":"fr_FR","og_type":"article","og_title":"Privacy Policy - Health Gate Utama","og_description":"Privacy and Policy of Health Gate Utama Totok Darah Medical Deep Tissue Healing Therapy & Neurotherapy. Best neurotherapist in Bali.","og_url":"https:\/\/www.healthgateutamamedicaltherapy.com\/fr\/privacy-policy\/","og_site_name":"Health Gate Utama","article_modified_time":"2023-01-27T13:24:13+00:00","og_image":[{"width":960,"height":960,"url":"https:\/\/www.healthgateutamamedicaltherapy.com\/wp-content\/uploads\/2022\/12\/Bali-Utama-Medical-Deep-Tissue-Healing-Therapy-4.jpg","type":"image\/jpeg"}],"twitter_card":"summary_large_image","twitter_misc":{"Dur\u00e9e de lecture estim\u00e9e":"3 minutes"},"schema":{"@context":"https:\/\/schema.org","@graph":[{"@type":"WebPage","@id":"https:\/\/www.healthgateutamamedicaltherapy.com\/privacy-policy\/","url":"https:\/\/www.healthgateutamamedicaltherapy.com\/privacy-policy\/","name":"Politique de confidentialit\u00e9 - Health Gate Utama","isPartOf":{"@id":"https:\/\/www.healthgateutamamedicaltherapy.com\/#website"},"primaryImageOfPage":{"@id":"https:\/\/www.healthgateutamamedicaltherapy.com\/privacy-policy\/#primaryimage"},"image":{"@id":"https:\/\/www.healthgateutamamedicaltherapy.com\/privacy-policy\/#primaryimage"},"thumbnailUrl":"https:\/\/www.healthgateutamamedicaltherapy.com\/wp-content\/uploads\/2022\/12\/Bali-Utama-Medical-Deep-Tissue-Healing-Therapy-4.jpg","datePublished":"2022-10-22T04:32:01+00:00","dateModified":"2023-01-27T13:24:13+00:00","description":"Confidentialit\u00e9 et politique de Health Gate Utama Totok Darah Medical Th\u00e9rapie de gu\u00e9rison des tissus profonds et neuroth\u00e9rapie. Meilleur neuroth\u00e9rapeute \u00e0 Bali.","breadcrumb":{"@id":"https:\/\/www.healthgateutamamedicaltherapy.com\/privacy-policy\/#breadcrumb"},"inLanguage":"fr-FR","potentialAction":[{"@type":"ReadAction","target":["https:\/\/www.healthgateutamamedicaltherapy.com\/privacy-policy\/"]}]},{"@type":"ImageObject","inLanguage":"fr-FR","@id":"https:\/\/www.healthgateutamamedicaltherapy.com\/privacy-policy\/#primaryimage","url":"https:\/\/www.healthgateutamamedicaltherapy.com\/wp-content\/uploads\/2022\/12\/Bali-Utama-Medical-Deep-Tissue-Healing-Therapy-4.jpg","contentUrl":"https:\/\/www.healthgateutamamedicaltherapy.com\/wp-content\/uploads\/2022\/12\/Bali-Utama-Medical-Deep-Tissue-Healing-Therapy-4.jpg","width":960,"height":960,"caption":"Bali Utama Medical Deep Tissue Healing Therapy 4"},{"@type":"BreadcrumbList","@id":"https:\/\/www.healthgateutamamedicaltherapy.com\/privacy-policy\/#breadcrumb","itemListElement":[{"@type":"ListItem","position":1,"name":"Home","item":"https:\/\/www.healthgateutamamedicaltherapy.com\/"},{"@type":"ListItem","position":2,"name":"Privacy Policy"}]},{"@type":"WebSite","@id":"https:\/\/www.healthgateutamamedicaltherapy.com\/#website","url":"https:\/\/www.healthgateutamamedicaltherapy.com\/","name":"Health Gate Utama","description":"Medical Holistic Deep Tissue Body Therapeutic\u00a0Healing\u00a0Therapy","publisher":{"@id":"https:\/\/www.healthgateutamamedicaltherapy.com\/#\/schema\/person\/4a30c01c4ee28cef6c13af0ff0e4d531"},"potentialAction":[{"@type":"SearchAction","target":{"@type":"EntryPoint","urlTemplate":"https:\/\/www.healthgateutamamedicaltherapy.com\/?s={search_term_string}"},"query-input":{"@type":"PropertyValueSpecification","valueRequired":true,"valueName":"search_term_string"}}],"inLanguage":"fr-FR"},{"@type":["Person","Organization"],"@id":"https:\/\/www.healthgateutamamedicaltherapy.com\/#\/schema\/person\/4a30c01c4ee28cef6c13af0ff0e4d531","name":"Health Gate Utama","image":{"@type":"ImageObject","inLanguage":"fr-FR","@id":"https:\/\/www.healthgateutamamedicaltherapy.com\/#\/schema\/person\/image\/","url":"https:\/\/www.healthgateutamamedicaltherapy.com\/wp-content\/uploads\/2023\/04\/cropped-health-gate-utama-medical-therapy-new-logo-april.png","contentUrl":"https:\/\/www.healthgateutamamedicaltherapy.com\/wp-content\/uploads\/2023\/04\/cropped-health-gate-utama-medical-therapy-new-logo-april.png","width":1471,"height":360,"caption":"Health Gate Utama"},"logo":{"@id":"https:\/\/www.healthgateutamamedicaltherapy.com\/#\/schema\/person\/image\/"}}]}},"_links":{"self":[{"href":"https:\/\/www.healthgateutamamedicaltherapy.com\/fr\/wp-json\/wp\/v2\/pages\/3","targetHints":{"allow":["GET"]}}],"collection":[{"href":"https:\/\/www.healthgateutamamedicaltherapy.com\/fr\/wp-json\/wp\/v2\/pages"}],"about":[{"href":"https:\/\/www.healthgateutamamedicaltherapy.com\/fr\/wp-json\/wp\/v2\/types\/page"}],"author":[{"embeddable":true,"href":"https:\/\/www.healthgateutamamedicaltherapy.com\/fr\/wp-json\/wp\/v2\/users\/1"}],"replies":[{"embeddable":true,"href":"https:\/\/www.healthgateutamamedicaltherapy.com\/fr\/wp-json\/wp\/v2\/comments?post=3"}],"version-history":[{"count":11,"href":"https:\/\/www.healthgateutamamedicaltherapy.com\/fr\/wp-json\/wp\/v2\/pages\/3\/revisions"}],"predecessor-version":[{"id":937,"href":"https:\/\/www.healthgateutamamedicaltherapy.com\/fr\/wp-json\/wp\/v2\/pages\/3\/revisions\/937"}],"wp:featuredmedia":[{"embeddable":true,"href":"https:\/\/www.healthgateutamamedicaltherapy.com\/fr\/wp-json\/wp\/v2\/media\/538"}],"wp:attachment":[{"href":"https:\/\/www.healthgateutamamedicaltherapy.com\/fr\/wp-json\/wp\/v2\/media?parent=3"}],"curies":[{"name":"wp","href":"https:\/\/api.w.org\/{rel}","templated":true}]}}